{"id":229,"date":"2023-10-16T09:49:54","date_gmt":"2023-10-16T07:49:54","guid":{"rendered":"https:\/\/leipzig-allgemeinmedizin.de\/?page_id=229"},"modified":"2025-06-10T17:44:18","modified_gmt":"2025-06-10T15:44:18","slug":"urlaubsvertretung","status":"publish","type":"page","link":"https:\/\/leipzig-allgemeinmedizin.de\/?page_id=229","title":{"rendered":"URLAUBSVERTRETUNG"},"content":{"rendered":"<div class=\"wpb-content-wrapper\"><p>[vc_row][vc_column][vc_column_text css=&#8220;&#8220;]Liebe Patienten,<br \/>\n<strong>wir haben Urlaub vom 21.07. &#8211; 01.08.2025.<\/strong><\/p>\n<p>Unsere Vertretung \u00fcbernehmen:<\/p>\n<p><strong>vom 21.07. bis 25.07.2025<\/strong><br \/>\nPraxis Dr. Pega, Geutebr\u00fcckstra\u00dfe 19, Tel. 2521430<\/p>\n<p><strong>vom 28.07. &#8211; 01.08.2025<\/strong><br \/>\nPraxis Nora Buchmann, Emmausstra\u00dfe 3, Tel. 2329707<br \/>\nPraxis Dr. G\u00fcldner, Riesaer Str. 38, Tel. 2523116<\/p>\n<p>In dringenden \u00e4rztlichen F\u00e4llen rufen Sie bitte den kassen\u00e4rztlichen Notdienst\u00a0unter 116 117 oder den Notarzt unter 112 an.<\/p>\n<p>Wir w\u00fcnschen eine sch\u00f6ne Sommerzeit.<br \/>\nIhr Praxisteam[\/vc_column_text][\/vc_column][\/vc_row]<\/p>\n<\/div>","protected":false},"excerpt":{"rendered":"<p>[vc_row][vc_column][vc_column_text css=&#8220;&#8220;]Liebe Patienten, wir haben Urlaub vom 21.07. &#8211; 01.08.2025. Unsere Vertretung \u00fcbernehmen: vom 21.07. bis 25.07.2025 Praxis Dr. Pega, Geutebr\u00fcckstra\u00dfe 19, Tel. 2521430 vom 28.07. &#8211; 01.08.2025 Praxis Nora Buchmann, Emmausstra\u00dfe 3, Tel. 2329707 Praxis Dr. G\u00fcldner, Riesaer Str. 38, Tel. 2523116 In dringenden \u00e4rztlichen F\u00e4llen rufen Sie bitte den kassen\u00e4rztlichen Notdienst\u00a0unter 116 117 [&hellip;]<\/p>\n","protected":false},"author":5,"featured_media":0,"parent":0,"menu_order":0,"comment_status":"closed","ping_status":"closed","template":"","meta":{"inline_featured_image":false,"footnotes":""},"class_list":["post-229","page","type-page","status-publish","hentry"],"_links":{"self":[{"href":"https:\/\/leipzig-allgemeinmedizin.de\/index.php?rest_route=\/wp\/v2\/pages\/229","targetHints":{"allow":["GET"]}}],"collection":[{"href":"https:\/\/leipzig-allgemeinmedizin.de\/index.php?rest_route=\/wp\/v2\/pages"}],"about":[{"href":"https:\/\/leipzig-allgemeinmedizin.de\/index.php?rest_route=\/wp\/v2\/types\/page"}],"author":[{"embeddable":true,"href":"https:\/\/leipzig-allgemeinmedizin.de\/index.php?rest_route=\/wp\/v2\/users\/5"}],"replies":[{"embeddable":true,"href":"https:\/\/leipzig-allgemeinmedizin.de\/index.php?rest_route=%2Fwp%2Fv2%2Fcomments&post=229"}],"version-history":[{"count":10,"href":"https:\/\/leipzig-allgemeinmedizin.de\/index.php?rest_route=\/wp\/v2\/pages\/229\/revisions"}],"predecessor-version":[{"id":297,"href":"https:\/\/leipzig-allgemeinmedizin.de\/index.php?rest_route=\/wp\/v2\/pages\/229\/revisions\/297"}],"wp:attachment":[{"href":"https:\/\/leipzig-allgemeinmedizin.de\/index.php?rest_route=%2Fwp%2Fv2%2Fmedia&parent=229"}],"curies":[{"name":"wp","href":"https:\/\/api.w.org\/{rel}","templated":true}]}}